{"id":26,"date":"2022-05-28T21:54:42","date_gmt":"2022-05-28T19:54:42","guid":{"rendered":"https:\/\/www.qualityoflife.pwr.edu.pl\/?page_id=26"},"modified":"2023-03-16T15:36:40","modified_gmt":"2023-03-16T14:36:40","slug":"smartcityhub","status":"publish","type":"page","link":"https:\/\/www.qualityoflife.pwr.edu.pl\/index.php\/smartcityhub\/","title":{"rendered":"SmartCityHub"},"content":{"rendered":"\n<figure class=\"wp-block-image size-large\"><img fetchpriority=\"high\" decoding=\"async\" width=\"1024\" height=\"452\" src=\"https:\/\/www.qualityoflife.pwr.edu.pl\/wp-content\/uploads\/2023\/03\/SCH-1024x452.png\" alt=\"\" class=\"wp-image-115\" srcset=\"https:\/\/www.qualityoflife.pwr.edu.pl\/wp-content\/uploads\/2023\/03\/SCH-1024x452.png 1024w, https:\/\/www.qualityoflife.pwr.edu.pl\/wp-content\/uploads\/2023\/03\/SCH-300x133.png 300w, https:\/\/www.qualityoflife.pwr.edu.pl\/wp-content\/uploads\/2023\/03\/SCH-768x339.png 768w, https:\/\/www.qualityoflife.pwr.edu.pl\/wp-content\/uploads\/2023\/03\/SCH-1536x679.png 1536w, https:\/\/www.qualityoflife.pwr.edu.pl\/wp-content\/uploads\/2023\/03\/SCH-2048x905.png 2048w\" sizes=\"(max-width: 767px) 89vw, (max-width: 1000px) 54vw, (max-width: 1071px) 543px, 580px\" \/><\/figure>\n\n\n\n<p>Studenckie Ko\u0142o Naukowe SmartCityHub, dzia\u0142aj\u0105ce przy Wydziale Architektury Politechniki Wroc\u0142awskiej oficjalnie funkcjonuje od stycznia 2022 roku.<\/p>\n\n\n\n<p>Ko\u0142o zosta\u0142o za\u0142o\u017cone przez dw\u00f3ch doktorant\u00f3w wydzia\u0142u: Miko\u0142aja Szurleja, Tymona Dmochowskiego oraz studenta 5 roku kierunku Architektura i Urbanistyka &#8211; Marka Gie\u0142d\u0119. Piecz\u0119 na ko\u0142em obj\u0105\u0142 dr in\u017c. arch. Maciej Szarejko.<\/p>\n\n\n\n<p>Podstawowym celem dzia\u0142alno\u015bci ko\u0142a jest samokszta\u0142cenie i dzielenie si\u0119 wiedz\u0105 z zakresu  pracy naukowej. Przygotowujemy siebie oraz wszystkich innych ch\u0119tnych student\u00f3w do wyzwa\u0144 jakie stoj\u0105 przed m\u0142odymi naukowcami.<\/p>\n\n\n\n<p>Jako cz\u0142onek naszego ko\u0142a mo\u017cesz spodziewa\u0107 si\u0119 \u017ce b\u0119dziesz:<\/p>\n\n\n\n<ul class=\"wp-block-list\">\n<li>Pisa\u0107 publikacje naukowe,<\/li>\n\n\n\n<li>Uczy\u0107 si\u0119 korzysta\u0107 z najlepszych i najbardziej rzetelnych \u017ar\u00f3de\u0142 informacji naukowych na \u015bwiecie,<\/li>\n\n\n\n<li>Wsp\u00f3\u0142organizowa\u0107 i uczestniczy\u0107 w konferencjach naukowych,<\/li>\n\n\n\n<li>Uczestniczy\u0107 w specjalistycznych warsztatach i szkoleniach<\/li>\n<\/ul>\n\n\n\n<p>Dziedzina naszych bada\u0144 wpisuje si\u0119 w obszar dyscyplin Gospodarka Przestrzenna oraz Architektura i Urbanistyka &#8211; staramy si\u0119 jednak poszerzy\u0107 typowe podej\u015bcie  poprzez wykorzystanie szeroko rozumianych modelowa\u0144 agentowych i wykorzysta\u0107 je jako narz\u0119dzie do wspomagania podejmowania decyzji i projektowania.<\/p>\n\n\n\n<p>Zapraszamy wszystkich ch\u0119tnych na spotkania rekrutacyjne, kt\u00f3re organizujemy na pocz\u0105tku ka\u017cdego semestru akademickiego.<\/p>\n\n\n\n<p><em>Zarz\u0105d SCH<\/em><\/p>\n","protected":false},"excerpt":{"rendered":"<p>Studenckie Ko\u0142o Naukowe SmartCityHub, dzia\u0142aj\u0105ce przy Wydziale Architektury Politechniki Wroc\u0142awskiej oficjalnie funkcjonuje od stycznia 2022 roku. Ko\u0142o zosta\u0142o za\u0142o\u017cone przez dw\u00f3ch doktorant\u00f3w wydzia\u0142u: Miko\u0142aja Szurleja, Tymona Dmochowskiego oraz studenta 5 roku kierunku Architektura i Urbanistyka &#8211; Marka Gie\u0142d\u0119. Piecz\u0119 na ko\u0142em obj\u0105\u0142 dr in\u017c. arch. Maciej Szarejko. Podstawowym celem dzia\u0142alno\u015bci ko\u0142a jest samokszta\u0142cenie i dzielenie &hellip; <\/p>\n<p class=\"link-more\"><a href=\"https:\/\/www.qualityoflife.pwr.edu.pl\/index.php\/smartcityhub\/\" class=\"more-link\">Czytaj dalej<span class=\"screen-reader-text\"> \u201eSmartCityHub\u201d<\/span><\/a><\/p>\n","protected":false},"author":3,"featured_media":0,"parent":0,"menu_order":0,"comment_status":"closed","ping_status":"closed","template":"","meta":{"footnotes":""},"class_list":["post-26","page","type-page","status-publish","hentry"],"_links":{"self":[{"href":"https:\/\/www.qualityoflife.pwr.edu.pl\/index.php\/wp-json\/wp\/v2\/pages\/26","targetHints":{"allow":["GET"]}}],"collection":[{"href":"https:\/\/www.qualityoflife.pwr.edu.pl\/index.php\/wp-json\/wp\/v2\/pages"}],"about":[{"href":"https:\/\/www.qualityoflife.pwr.edu.pl\/index.php\/wp-json\/wp\/v2\/types\/page"}],"author":[{"embeddable":true,"href":"https:\/\/www.qualityoflife.pwr.edu.pl\/index.php\/wp-json\/wp\/v2\/users\/3"}],"replies":[{"embeddable":true,"href":"https:\/\/www.qualityoflife.pwr.edu.pl\/index.php\/wp-json\/wp\/v2\/comments?post=26"}],"version-history":[{"count":9,"href":"https:\/\/www.qualityoflife.pwr.edu.pl\/index.php\/wp-json\/wp\/v2\/pages\/26\/revisions"}],"predecessor-version":[{"id":129,"href":"https:\/\/www.qualityoflife.pwr.edu.pl\/index.php\/wp-json\/wp\/v2\/pages\/26\/revisions\/129"}],"wp:attachment":[{"href":"https:\/\/www.qualityoflife.pwr.edu.pl\/index.php\/wp-json\/wp\/v2\/media?parent=26"}],"curies":[{"name":"wp","href":"https:\/\/api.w.org\/{rel}","templated":true}]}}